{"id":3,"date":"2024-04-12T09:13:09","date_gmt":"2024-04-12T09:13:09","guid":{"rendered":"https:\/\/demo.bravisthemes.com\/herrington\/?page_id=3"},"modified":"2025-09-18T15:31:09","modified_gmt":"2025-09-18T13:31:09","slug":"politica-de-privacidad","status":"publish","type":"page","link":"https:\/\/eventstur.com\/ca\/politica-de-privacidad\/","title":{"rendered":"Pol\u00edtica de privadesa"},"content":{"rendered":"<p><strong>RESPONSABLE DEL TRACTAMENT<\/strong><br>Responsable: EVENTSTUR360 SL<br>NIF: B75520296<br>Domicili: Pla\u00e7a de la virreina 3, \u00c0tic 1a 08024 (Barcelona), Espanya.<br>Contacte: Servei de \u201cContacta amb EVENTSTUR\u201d mitjan\u00e7ant la plataforma eventstur.com \u2013 atenci\u00f3 a l&#039;usuari.<\/p>\n\n\n\n<p>Aquesta pol\u00edtica de privadesa s&#039;aplica a tots els agents de EVENTSTUR, inclosos els prove\u00efdors de b\u00e9ns i serveis, empleats, contractistes i els seus representants, aix\u00ed com als usuaris i clients.<\/p>\n\n\n\n<p>EVENTSTUR tracta les dades personals relacionades amb persones, empleats, propietaris o representants que es relacionen amb la nostra empresa.<\/p>\n\n\n\n<p><strong>RECULL DE DADES<\/strong><br>Les dades personals que recopila EVENTSTUR depenen del tipus de relaci\u00f3 que s&#039;estableix amb els col\u00b7laboradors, usuaris i clients.<\/p>\n\n\n\n<p>Les dades recopilades per EVENTSTUR nom\u00e9s es consideren \u201cdades personals\u201d quan es refereixen a una persona f\u00edsica i jur\u00eddica.<\/p>\n\n\n\n<p>Les dades personals que EVENTSTUR pot necessitar recopilar per a la prestaci\u00f3 dels seus serveis s\u00f3n les seg\u00fcents:<\/p>\n\n\n\n<ul class=\"wp-block-list\">\n<li>Dades de contacte: Nom, cognoms, data de naixement, adre\u00e7a postal, adre\u00e7a de correu electr\u00f2nic, n\u00famero de tel\u00e8fon i fax.<\/li>\n\n\n\n<li>Informaci\u00f3 financera: Dades necess\u00e0ries per a la facturaci\u00f3 i pagament (dades banc\u00e0ries, n\u00famero de compte bancari i n\u00famero d&#039;identificaci\u00f3 fiscal).<\/li>\n\n\n\n<li>Dades de verificaci\u00f3: C\u00f2pia dels documents de registre de lempresa i\/o del n\u00famero didentificaci\u00f3 fiscal.<\/li>\n\n\n\n<li>Informaci\u00f3 autom\u00e0tica: Les dades relacionades tamb\u00e9 es poden recopilar de forma autom\u00e0tica, mitjan\u00e7ant la utilitzaci\u00f3 de formularis de registre, comptes d&#039;usuaris o col\u00b7laboradors, etc. Aquestes dades poden incloure:<\/li>\n\n\n\n<li>Configuraci\u00f3 de llengua.<\/li>\n\n\n\n<li>Adre\u00e7a IP.<\/li>\n\n\n\n<li>Ubicaci\u00f3.<\/li>\n\n\n\n<li>Configuraci\u00f3 del dispositiu.<\/li>\n\n\n\n<li>Sistema operatiu del dispositiu.<\/li>\n\n\n\n<li>Informaci\u00f3 de registre.<\/li>\n\n\n\n<li>Temps d\u00fas.<\/li>\n\n\n\n<li>URL sol\u00b7licitada.<\/li>\n\n\n\n<li>Informe d\u00b4estat.<\/li>\n\n\n\n<li>Resultat de gesti\u00f3.<\/li>\n\n\n\n<li>Historial de navegaci\u00f3.<\/li>\n\n\n\n<li>Identificadors del dispositiu com Android ID, adre\u00e7a MAC, IMEI.<\/li>\n\n\n\n<li>Tipus de dades visualitzades.<\/li>\n<\/ul>\n\n\n\n<p>La utilitzaci\u00f3 de dades personals de tercers per part d&#039;empreses o organitzacions col\u00b7laboradores comporta que aquestes persones han estat degudament informades sobre l&#039;\u00fas i cessi\u00f3 d&#039;aquestes dades personals per part d&#039;EVENTSTUR, aix\u00ed com que s&#039;han obtingut amb el consentiment degut, d&#039;acord amb la normativa aplicable.<br>Informaci\u00f3 procedent d&#039;altres fonts: EVENTSTUR pot sol\u00b7licitar informaci\u00f3 sobre la solv\u00e8ncia dels seus col\u00b7laboradors, prove\u00efdors i clients, a tercers a fi d&#039;avaluar-ne la solv\u00e8ncia econ\u00f2mica i\/o professional, aix\u00ed com obtenir-la d&#039;entitats i organismes p\u00fablics.<\/p>\n\n\n\n<p><strong>FINALITATS DEL TRACTAMENT<\/strong><br>EVENTSTUR utilitza la informaci\u00f3 pr\u00e8viament descrita, que pot incloure dades personals, amb les finalitats seg\u00fcents:<\/p>\n\n\n\n<ul class=\"wp-block-list\">\n<li>Registre i administraci\u00f3: Les dades de contacte i dades financeres seran utilitzades per gestionar la relaci\u00f3 comercial amb el col\u00b7laborador, prove\u00efdor o client, incloent-hi el registre i la verificaci\u00f3. Aquestes dades tamb\u00e9 poden ser facilitades a tercers que hagin d&#039;intervenir en la prestaci\u00f3 dels serveis objecte de la relaci\u00f3.<\/li>\n\n\n\n<li>Servei d&#039;atenci\u00f3 al client: Prestaci\u00f3 de serveis d&#039;assist\u00e8ncia a la contractaci\u00f3 i prestaci\u00f3 de serveis, resoluci\u00f3 de dubtes, consultes i incid\u00e8ncies.<\/li>\n\n\n\n<li>Altres activitats, incloses les de m\u00e0rqueting: En cas que un col\u00b7laborador, prove\u00efdor o client no finalitzi el registre en l\u00ednia, EVENTSTUR podr\u00e0 enviar-li un recordatori perqu\u00e8 completi el proc\u00e9s de registre sense necessitat de completar novament tota la informaci\u00f3. EVENTSTUR pot convidar els col\u00b7laboradors, prove\u00efdors i clients a assistir i participar en esdeveniments que puguin ser del vostre inter\u00e8s, aix\u00ed com oferir i allotjar f\u00f2rums en l\u00ednia que permetin trobar respostes a preguntes freq\u00fcents sobre l&#039;oferta i l&#039;\u00fas dels productes i serveis d&#039;EVENTSTUR. EVENTSTUR pot utilitzar les dades personals per a les comunicacions amb els seus col\u00b7laboradors, prove\u00efdors i clients, inclosa la informaci\u00f3 sobre actualitzacions del sistema o producte; enviament del butllet\u00ed informatiu; invitaci\u00f3 a la participaci\u00f3 en programes de recomanaci\u00f3 o concursos o altres comunicacions de publicitat i m\u00e0rqueting. En els casos d&#039;enviament directe de publicitat i m\u00e0rqueting en format electr\u00f2nic, hi ha la possibilitat d&#039;anul\u00b7laci\u00f3 de la subscripci\u00f3 a aquesta funcionalitat concreta.<\/li>\n\n\n\n<li>Eines de missatgeria: EVENTSTUR posa a disposici\u00f3 dels clients diferents mitjans de comunicaci\u00f3 (potencials o actuals). Els col\u00b7laboradors, prove\u00efdors i clients tamb\u00e9 es poden posar en contacte amb EVENTSTUR mitjan\u00e7ant el servei de \u201cContactar amb EVENTSTUR\u201d d&#039;\u00e0lies (sempre que incloguin EVENTSTUR com a destinatari). EVENTSTUR pot accedir a les comunicacions entre els col\u00b7laboradors, prove\u00efdors i clients, aix\u00ed com utilitzar sistemes automatitzats de revisi\u00f3, escaneig i an\u00e0lisi de les comunicacions amb les finalitats seg\u00fcents:<\/li>\n\n\n\n<li>Seguretat.<\/li>\n\n\n\n<li>Prevenci\u00f3 del frau.<\/li>\n\n\n\n<li>Compliment dels requisits legals i normatius.<\/li>\n\n\n\n<li>Investigacions sobre possible conducta indeguda.<\/li>\n\n\n\n<li>Desenvolupament i millora de productes i serveis.<\/li>\n\n\n\n<li>Cerca.<\/li>\n\n\n\n<li>Relaci\u00f3 amb els clients (incloent-hi l&#039;enviament d&#039;informaci\u00f3 i ofertes).<\/li>\n\n\n\n<li>Assist\u00e8ncia t\u00e8cnica a col\u00b7laboradors, clients i prove\u00efdors.<\/li>\n<\/ul>\n\n\n\n<p><br>EVENTSTUR emmagatzemar\u00e0 totes les comunicacions enviades o rebudes mitjan\u00e7ant les pr\u00f2pies eines de comunicaci\u00f3.<\/p>\n\n\n\n<ul class=\"wp-block-list\">\n<li>An\u00e0lisi, millora i investigaci\u00f3: EVENTSTUR utilitza la informaci\u00f3 proporcionada, que pot incloure dades personals, amb finalitats anal\u00edtiques i amb l&#039;objectiu de millorar els seus productes i serveis, aix\u00ed com l&#039;experi\u00e8ncia de l&#039;usuari.<\/li>\n\n\n\n<li>Les dades tamb\u00e9 es poden utilitzar amb fins de prova, resoluci\u00f3 de problemes i millora de la funcionalitat i qualitat dels serveis en l\u00ednia. S&#039;invitar\u00e0 els col\u00b7laboradors, prove\u00efdors i clients a participar en enquestes, aix\u00ed com a la realitzaci\u00f3 d&#039;altres estudis de mercat.<\/li>\n\n\n\n<li>Seguretat, prevenci\u00f3 i detecci\u00f3 del frau: La informaci\u00f3 obtinguda, que pot incloure dades personals, es pot utilitzar per investigar, prevenir i detectar el frau i\/o altres activitats il\u00b7legals. EVENTSTUR pot utilitzar dades personals per facilitar la investigaci\u00f3 del frau per part de les autoritats competents, quan sigui necessari, fins i tot compartint dades personals amb les autoritats policials i\/o judicials. EVENTSTUR pot utilitzar dades personals amb finalitat d&#039;avaluaci\u00f3 de riscos i seguretat, inclosa l&#039;autenticaci\u00f3 d&#039;usuaris; utilitzem prove\u00efdors de riscos externs per a la gesti\u00f3 de riscos de tercers. Aquests prove\u00efdors ajuden a avaluar el perfil de risc comercial de col\u00b7laboradors, prove\u00efdors i clients.<\/li>\n\n\n\n<li>Mat\u00e8ria legal i compliment de la llei: La informaci\u00f3 proporcionada, que pot incloure dades personals, podr\u00e0 ser utilitzada per a la resoluci\u00f3 de litigis, investigacions reguladores, gesti\u00f3 de riscos i compliment, aix\u00ed com per complir acords amb col\u00b7laboradors, prove\u00efdors i clients o resoldre queixes o reclamacions.<\/li>\n<\/ul>\n\n\n\n<p><br>La informaci\u00f3 sobre col\u00b7laboradors, prove\u00efdors o clients, incloses dades personals, podr\u00e0 ser compartida amb les autoritats competents (fiscalies, jutjats, tribunals, autoritats de qualsevol tipus) quan aix\u00ed ho exigeixi la llei.<\/p>\n\n\n\n<p><strong>BASE LEGAL PER AL TRACTAMENT<\/strong><br>El tractament de dades personals \u00e9s necessari per complir els acords de venda de productes i prestaci\u00f3 de serveis convinguts amb EVENTSTUR. En cas que no es facilitin les dades sol\u00b7licitades, EVENTSTUR no pot dur a terme les activitats de subministrament de productes i prestaci\u00f3 de serveis.<\/p>\n\n\n\n<p>D&#039;altra banda, les dades personals facilitades s&#039;han de fer servir de manera que s&#039;asseguri que, en la venda del producte o la prestaci\u00f3 del servei, no s&#039;est\u00e0 incorrent en cap prohibici\u00f3 ni conducta prohibida legalment, aix\u00ed com en el compliment de les obligacions legals en el desenvolupament d&#039;aquestes activitats.<\/p>\n\n\n\n<p>EVENTSTUR dur\u00e0 a terme en tot moment els m\u00e0xims esfor\u00e7os possibles perqu\u00e8 el col\u00b7laborador, prove\u00efdor o soci es pugui oposar o excloure el tractament d&#039;aquelles dades personals que no siguin estrictament necess\u00e0ries per a la venda del producte o la prestaci\u00f3 del servei, mitjan\u00e7ant mecanismes configurats a la pr\u00f2pia p\u00e0gina web de la companyia. Tot i aix\u00f2, en cas que no hi hagi un mecanisme concret o apropiat, el col\u00b7laborador, prove\u00efdor o client podr\u00e0 posar-se en contacte amb la companyia mitjan\u00e7ant el servei de Contacta amb EVENTSTUR a trav\u00e9s de la plataforma EVENTSTUR360.com \u2013 atenci\u00f3 a l&#039;usuari.<\/p>\n\n\n\n<p><strong>CESSI\u00d3 DE DADES<\/strong><br>EVENTSTUR podr\u00e0 cedir les dades personals dels seus col\u00b7laboradors, prove\u00efdors i clients a altres entitats del seu grup empresarial, aix\u00ed com als tercers seg\u00fcents:<\/p>\n\n\n\n<ul class=\"wp-block-list\">\n<li>Prove\u00efdors de serveis externs.<\/li>\n\n\n\n<li>Prove\u00efdors de pagament i altres institucions financeres.<\/li>\n\n\n\n<li>Entitats de comprovaci\u00f3 de llistes de morositat i\/o gesti\u00f3 de riscos, dacord amb la llei aplicable.<\/li>\n\n\n\n<li>Divulgaci\u00f3 obligada: En compliment d&#039;obligacions legals i execuci\u00f3 de serveis (estrictament quan calgui).<\/li>\n\n\n\n<li>Prove\u00efdors de serveis tecnol\u00f2gics, de pagament, hosting, suport t\u00e8cnic i seguretat.<\/li>\n<\/ul>\n\n\n\n<p><strong>SEGURETAT DE LES DADES<\/strong><br>EVENTSTUR utilitza sistemes i procediments comercials adequats per protegir i salvaguardar la informaci\u00f3, incloses dades personals. Tamb\u00e9 utilitza procediments de seguretat i restriccions t\u00e8cniques i f\u00edsiques per accedir i utilitzar les dades personals als seus servidors. Nom\u00e9s el personal autoritzat t\u00e9 perm\u00eds per accedir a dades personals de col\u00b7laboradors, prove\u00efdors i clients. EVENTSTUR aplica mesures t\u00e8cniques i organitzatives apropiades per garantir un nivell de seguretat adequat al risc, incloent-hi xifratge, control d&#039;accessos, protocols interns i formaci\u00f3 del personal.<\/p>\n\n\n\n<p><strong>CONSERVACI\u00d3 DE LES DADES<\/strong><br>EVENTSTUR conservar\u00e0 les dades personals obtingudes durant el temps que sigui necessari per a la gesti\u00f3 de la relaci\u00f3 comercial, amb estricte compliment de la legislaci\u00f3 aplicable.<\/p>\n\n\n\n<p><strong>TRANSFER\u00c8NCIES INTERNACIONALS<\/strong><br>En cas que algun dels nostres prove\u00efdors o serveis impliqui transfer\u00e8ncia internacional de dades (fora de l&#039;Espai Econ\u00f2mic Europeu), ens assegurem que comptin amb garanties adequades conforme al RGPD, com a cl\u00e0usules contractuals tipus.<\/p>\n\n\n\n<p><strong>DRET D&#039;INFORMACI\u00d3 I RECTIFICACI\u00d3<\/strong><br>Els col\u00b7laboradors, prove\u00efdors i clients de EVENTSTUR poden:<\/p>\n\n\n\n<p>Sol\u00b7licitar c\u00f2pia de les dades personals de qu\u00e8 disposa EVENTSTUR.<\/p>\n\n\n\n<p>Comunicar qualsevol canvi i\/o sol\u00b7licitar la correcci\u00f3 de qualsevol dada.<\/p>\n\n\n\n<p>En determinats casos, sol\u00b7licitar l&#039;eliminaci\u00f3, el bloqueig o la restricci\u00f3 de dades personals, aix\u00ed com oposar-se a la seva utilitzaci\u00f3 de forma concreta.<\/p>\n\n\n\n<p>En determinats casos, sol\u00b7licitar l&#039;enviament (portabilitat) de manera concreta a un tercer.<\/p>\n\n\n\n<p>El col\u00b7laborador, prove\u00efdor o client t\u00e9 dret a retirar el seu consentiment sobre la utilitzaci\u00f3 de les dades personals en qualsevol moment, aix\u00ed com a oposar-se a la seva utilitzaci\u00f3.<\/p>\n\n\n\n<p><strong>CONTACTE \/ RESPONSABLE DEL TRACTAMENT<\/strong><br>El responsable del tractament de les dades de EVENTSTUR \u00e9s EVENTSTUR representada per Raquel Ferrer Ripoll i qualsevol col\u00b7laborador, prove\u00efdor o client pot posar-s&#039;hi en contacte mitjan\u00e7ant el servei de \u201cContacta amb EVENTSTUR\u201d a trav\u00e9s de la plataforma EVENTSTUR360.com \u2013 atenci\u00f3 a l&#039;usuari.<\/p>\n\n\n\n<p><strong>CANVIS A LA POL\u00cdTICA DE PRIVACITAT<\/strong><br>Ens reservem el dret a modificar aquesta Pol\u00edtica de Privadesa. En cas de canvis rellevants, us ho notificarem a trav\u00e9s del lloc web o per altres mitjans raonables. EVENTSTUR comunicar\u00e0 qualsevol canvi en la pol\u00edtica de privadesa que pugui afectar els seus col\u00b7laboradors, prove\u00efdors i clients.<\/p>","protected":false},"excerpt":{"rendered":"<p>RESPONSABLE DEL TRATAMIENTOResponsable: EVENTSTUR360 S.L.NIF: B75520296Domicilio: Plaza de la virreina 3, \u00c1tico 1a 08024 (Barcelona), Espa\u00f1a.Contacto: Servicio de \u201cContacta con EVENTSTUR\u201d a trav\u00e9s de la plataforma eventstur.com \u2013 atenci\u00f3n al usuario. Esta pol\u00edtica de privacidad se aplica a todos los agentes de EVENTSTUR, incluidos los proveedores de bienes y servicios, empleados, contratistas y sus representantes, [&hellip;]<\/p>","protected":false},"author":1,"featured_media":0,"parent":0,"menu_order":0,"comment_status":"closed","ping_status":"closed","template":"","meta":{"footnotes":""},"class_list":["post-3","page","type-page","status-publish","hentry"],"_links":{"self":[{"href":"https:\/\/eventstur.com\/ca\/wp-json\/wp\/v2\/pages\/3","targetHints":{"allow":["GET"]}}],"collection":[{"href":"https:\/\/eventstur.com\/ca\/wp-json\/wp\/v2\/pages"}],"about":[{"href":"https:\/\/eventstur.com\/ca\/wp-json\/wp\/v2\/types\/page"}],"author":[{"embeddable":true,"href":"https:\/\/eventstur.com\/ca\/wp-json\/wp\/v2\/users\/1"}],"replies":[{"embeddable":true,"href":"https:\/\/eventstur.com\/ca\/wp-json\/wp\/v2\/comments?post=3"}],"version-history":[{"count":5,"href":"https:\/\/eventstur.com\/ca\/wp-json\/wp\/v2\/pages\/3\/revisions"}],"predecessor-version":[{"id":19279,"href":"https:\/\/eventstur.com\/ca\/wp-json\/wp\/v2\/pages\/3\/revisions\/19279"}],"wp:attachment":[{"href":"https:\/\/eventstur.com\/ca\/wp-json\/wp\/v2\/media?parent=3"}],"curies":[{"name":"wp","href":"https:\/\/api.w.org\/{rel}","templated":true}]}}