{"id":19283,"date":"2025-09-18T15:28:49","date_gmt":"2025-09-18T13:28:49","guid":{"rendered":"https:\/\/eventstur.com\/?page_id=19283"},"modified":"2025-09-18T15:29:49","modified_gmt":"2025-09-18T13:29:49","slug":"cookies","status":"publish","type":"page","link":"https:\/\/eventstur.com\/ca\/cookies\/","title":{"rendered":"Cookies"},"content":{"rendered":"<p>A Eventstur360, utilitzem cookies i tecnologies similars per millorar la teva experi\u00e8ncia a la nostra plataforma, entendre com interactues amb els nostres serveis i personalitzar el teu contingut. Aquesta pol\u00edtica explica qu\u00e8 s\u00f3n les galetes, com les utilitzem i com les pots gestionar.<\/p>\n\n\n\n<p><strong>1.Qu\u00e8 s\u00f3n les cookies?<\/strong><\/p>\n\n\n\n<p>Les galetes s\u00f3n petits arxius de text que s&#039;emmagatzemen al navegador o dispositiu quan visites llocs web. Permeten que el lloc web recordi les vostres accions i prefer\u00e8ncies (com l&#039;inici de sessi\u00f3, l&#039;idioma, la mida de la lletra i altres prefer\u00e8ncies de visualitzaci\u00f3) durant un per\u00edode de temps, de manera que no h\u00e0giu de tornar a introduir-les cada vegada que torneu al lloc o navegueu d&#039;una p\u00e0gina a una altra.<\/p>\n\n\n\n<p><strong>2.Com utilitzem les cookies?<\/strong><\/p>\n\n\n\n<p>Utilitzem cookies per diversos motius, incloent:<\/p>\n\n\n\n<ul class=\"wp-block-list\">\n<li>Cookies Essencials\/T\u00e8cniques: S\u00f3n necess\u00e0ries per al funcionament b\u00e0sic de la nostra plataforma. Permeten la navegaci\u00f3 i l&#039;\u00fas de funcions essencials, com ara l&#039;acc\u00e9s a \u00e0rees segures o la gesti\u00f3 del carret\u00f3 de compra. Sense aquestes galetes, la plataforma no pot funcionar correctament.<\/li>\n\n\n\n<li>Cookies de Rendiment\/An\u00e0lisi: Recopilen informaci\u00f3 sobre com els visitants utilitzen la nostra plataforma, per exemple, quines p\u00e0gines s\u00f3n les m\u00e9s visitades, el temps de perman\u00e8ncia o si hi ha missatges d&#039;error. Aquesta informaci\u00f3 ens ajuda a millorar el funcionament de la plataforma.<\/li>\n\n\n\n<li>Cookies de funcionalitat: Permeten que la plataforma recordi les eleccions que fas (com el teu nom d&#039;usuari, idioma o la regi\u00f3 on et trobes) i proporcionen funcions millorades i m\u00e9s personals.<\/li>\n\n\n\n<li>Cookies de Publicitat\/Marketing: S&#039;utilitzen per oferir-te anuncis m\u00e9s rellevants segons els teus interessos. Tamb\u00e9 s&#039;utilitzen per limitar la freq\u00fc\u00e8ncia amb qu\u00e8 veieu un anunci i per mesurar l&#039;efectivitat de les campanyes publicit\u00e0ries.<\/li>\n<\/ul>\n\n\n\n<p><strong>3. Cookies de tercers<\/strong><\/p>\n\n\n\n<p>A la nostra plataforma, integrem serveis de tercers que tamb\u00e9 poden establir cookies al teu dispositiu. Aquests s\u00f3n alguns dels serveis que utilitzem i els seus principals prop\u00f2sits:<\/p>\n\n\n\n<p>Inici de Sessi\u00f3 Social (Sign in with Google, Facebook, Apple):<\/p>\n\n\n\n<p><span style=\"text-decoration: underline;\">Google:<\/span><br>Utilitzeu galetes per autenticar el vostre compte, recordar les vostres prefer\u00e8ncies i personalitzar la vostra experi\u00e8ncia d&#039;inici de sessi\u00f3. Podeu consultar la pol\u00edtica de privadesa de Google aqu\u00ed.<br><span style=\"text-decoration: underline;\">Facebook:<\/span><br>Utilitza galetes per a l&#039;autenticaci\u00f3 d&#039;usuaris, la personalitzaci\u00f3 de continguts i la mesura de l&#039;efic\u00e0cia publicit\u00e0ria. Podeu consultar la pol\u00edtica de cookies de facebook aqu\u00ed.<br><span style=\"text-decoration: underline;\">Apple:<\/span><br>Utilitza galetes i tecnologies similars per a l&#039;autenticaci\u00f3 i per oferir serveis a trav\u00e9s d&#039;iniciar sessi\u00f3 amb Apple. Podeu consultar la pol\u00edtica de privadesa d&#039;Apple aqu\u00ed.<br><span style=\"text-decoration: underline;\">Stripe (E-commerce):<\/span><br>Stripe utilitza cookies per processar pagaments de manera segura, detectar fraus i oferir els seus serveis de processament de pagaments. Consulta aqu\u00ed la pol\u00edtica de galetes de Stripe.<br><span style=\"text-decoration: underline;\">Planner5D<\/span>:<br>Si utilitzeu Planner5D a la nostra plataforma, \u00e9s possible que establiu cookies per recordar els vostres projectes, prefer\u00e8ncies o per al funcionament de les vostres eines de disseny. Consulta la pol\u00edtica de privadesa de Planner5D aqu\u00ed.<br><span style=\"text-decoration: underline;\">Trellis:<\/span><br>Utilitzem Trellis per renderitzar les imatges que els usuaris pugen a la nostra plataforma, especialment a la integraci\u00f3 amb Planner5D. Aquesta eina permet visualitzar de manera fluida i precisa els elements gr\u00e0fics dins lentorn de disseny. Trellis pot utilitzar galetes t\u00e8cniques i de rendiment per facilitar la c\u00e0rrega, l&#039;emmagatzematge en mem\u00f2ria cau i la visualitzaci\u00f3 eficient de les imatges. Consulta la pol\u00edtica de privadesa de Trellis aqu\u00ed.<br><span style=\"text-decoration: underline;\">Firmafy (Signatura de contractes):<\/span><br>Firmafy utilitza cookies per garantir la seguretat i la funcionalitat dels processos de signatura electr\u00f2nica, aix\u00ed com per autenticar els usuaris. Consulta la pol\u00edtica de privadesa de Firmafy aqu\u00ed.<br><span style=\"text-decoration: underline;\">YouTube (Videos):<\/span><br>Els v\u00eddeos incrustats de YouTube poden establir galetes al vostre navegador. Aquestes galetes s\u00f3n utilitzades per YouTube per recopilar informaci\u00f3 sobre l&#039;\u00fas del v\u00eddeo i per a fins publicitaris. Podeu consultar la pol\u00edtica de privadesa de Google (propietari de YouTube) aqu\u00ed.<\/p>\n\n\n\n<p><strong>4. Gesti\u00f3 de les galetes<\/strong><\/p>\n\n\n\n<p>Tens el dret de decidir si acceptes o rebutges les galetes. Pots configurar les teves prefer\u00e8ncies de cookies de les maneres seg\u00fcents:<\/p>\n\n\n\n<p>Configuraci\u00f3 del navegador: La majoria dels navegadors web us permeten gestionar les vostres prefer\u00e8ncies de cookies a trav\u00e9s de la vostra configuraci\u00f3. Pots configurar el teu navegador perqu\u00e8 t&#039;avisi en rebre una galeta, per rebutjar certs tipus de galetes o per eliminar-les. Tingues en compte que, si elimines o bloqueges les galetes, algunes parts de la nostra plataforma poden no funcionar correctament.<\/p>\n\n\n\n<ul class=\"wp-block-list\">\n<li>Chrome<\/li>\n\n\n\n<li>Firefox<\/li>\n\n\n\n<li>Edge<\/li>\n\n\n\n<li>Safari<\/li>\n<\/ul>\n\n\n\n<p><br>Eines de consentiment de cookies: Podem oferir-li una eina de gesti\u00f3 de consentiment de cookies a la nostra plataforma que et permetr\u00e0 controlar quines cookies acceptes.<\/p>\n\n\n\n<p><strong>5. Canvis a la nostra pol\u00edtica de cookies<\/strong><\/p>\n\n\n\n<p>Podem actualitzar aquesta Pol\u00edtica de Cookies de tant en tant per reflectir, per exemple, canvis a les cookies que utilitzem o per altres raons operatives, legals o reguladores. Us recomanem revisar aquesta pol\u00edtica peri\u00f2dicament per estar informat sobre com utilitzem les cookies.<\/p>\n\n\n\n<p>6.Contacte<\/p>\n\n\n\n<p>Si teniu qualsevol pregunta sobre la nostra Pol\u00edtica de Cookies, no dubteu en contactar amb nosaltres mitjan\u00e7ant el servei de Contacta amb EventstuR a trav\u00e9s de la plataforma eventstur.com \u2013 atenci\u00f3 a l&#039;usuari.<\/p>","protected":false},"excerpt":{"rendered":"<p>En Eventstur360, utilizamos cookies y tecnolog\u00edas similares para mejorar tu experiencia en nuestra plataforma, entender c\u00f3mo interact\u00faas con nuestros servicios y personalizar tu contenido. Esta pol\u00edtica explica qu\u00e9 son las cookies, c\u00f3mo las utilizamos y c\u00f3mo puedes gestionarlas. 1.\u00bfQu\u00e9 son las cookies? Las cookies son peque\u00f1os archivos de texto que se almacenan en su navegador [&hellip;]<\/p>","protected":false},"author":3,"featured_media":0,"parent":0,"menu_order":0,"comment_status":"closed","ping_status":"closed","template":"","meta":{"footnotes":""},"class_list":["post-19283","page","type-page","status-publish","hentry"],"_links":{"self":[{"href":"https:\/\/eventstur.com\/ca\/wp-json\/wp\/v2\/pages\/19283","targetHints":{"allow":["GET"]}}],"collection":[{"href":"https:\/\/eventstur.com\/ca\/wp-json\/wp\/v2\/pages"}],"about":[{"href":"https:\/\/eventstur.com\/ca\/wp-json\/wp\/v2\/types\/page"}],"author":[{"embeddable":true,"href":"https:\/\/eventstur.com\/ca\/wp-json\/wp\/v2\/users\/3"}],"replies":[{"embeddable":true,"href":"https:\/\/eventstur.com\/ca\/wp-json\/wp\/v2\/comments?post=19283"}],"version-history":[{"count":5,"href":"https:\/\/eventstur.com\/ca\/wp-json\/wp\/v2\/pages\/19283\/revisions"}],"predecessor-version":[{"id":19289,"href":"https:\/\/eventstur.com\/ca\/wp-json\/wp\/v2\/pages\/19283\/revisions\/19289"}],"wp:attachment":[{"href":"https:\/\/eventstur.com\/ca\/wp-json\/wp\/v2\/media?parent=19283"}],"curies":[{"name":"wp","href":"https:\/\/api.w.org\/{rel}","templated":true}]}}