{"id":19270,"date":"2025-09-18T15:17:00","date_gmt":"2025-09-18T13:17:00","guid":{"rendered":"https:\/\/eventstur.com\/?page_id=19270"},"modified":"2025-09-18T15:17:00","modified_gmt":"2025-09-18T13:17:00","slug":"aviso-legal","status":"publish","type":"page","link":"https:\/\/eventstur.com\/ca\/aviso-legal\/","title":{"rendered":"Av\u00eds legal"},"content":{"rendered":"<p>En compliment del que disposa l&#039;article 10 de la Llei 34\/2002, d&#039;11 de juliol, de serveis de la Societat de la Informaci\u00f3 i Comer\u00e7 Electr\u00f2nic (LSSI-CE), s&#039;informa que aquest lloc web \u00e9s titularitat de:<\/p>\n\n\n\n<p><strong>DADES IDENTIFICATIVES<\/strong><br>Titular del lloc web: EVENTSTUR360 SL<br>CIF: B75520296<br>Domicili social: Pla\u00e7a de la Virreina 3, \u00c0tic 1a, 08024 Barcelona, \u200b\u200bBarcelona, \u200b\u200bEspanya.<br>Contacte: Servei de \u201cContacta amb EventstuR\u201d mitjan\u00e7ant la plataforma eventstur.com \u2013 atenci\u00f3 a l&#039;usuari.<br>Tel\u00e8fon de contacte: +34 682924516<br>Domini web: https:\/\/eventstur.com<br>Dades registrals: Inscrita al Registre Mercantil de Barcelona, \u200b\u200bSecci\u00f3 8, full B625048, Inscripci\u00f3 1a i seg\u00fcents.<\/p>\n\n\n\n<p><strong>OBJECTE<\/strong><br>Aquest lloc web t\u00e9 com a finalitat oferir una plataforma en l\u00ednia de gesti\u00f3, planificaci\u00f3 i contractaci\u00f3 de serveis per a esdeveniments. EVENTSTUR actua com a intermediari digital entre prove\u00efdors (espais, c\u00e0tering, m\u00fasica, decoraci\u00f3, etc.) i clients (particulars, empreses i entitats) que vulguin organitzar esdeveniments.<\/p>\n\n\n\n<p><strong>CONDICIONS D&#039;\u00daS<\/strong><br>L&#039;acc\u00e9s i navegaci\u00f3 pel lloc web, aix\u00ed com l&#039;\u00fas de les seves funcionalitats, implica l&#039;acceptaci\u00f3 expressa i sense reserves de les condicions recollides en aquest Av\u00eds Legal, a la Pol\u00edtica de Privadesa, Pol\u00edtica de Cookies i, si escau, als Termes i Condicions de Contractaci\u00f3.<\/p>\n\n\n\n<p><strong>PROPIETAT INTEL\u00b7LECTUAL I INDUSTRIAL<\/strong><br>Tots els continguts del lloc web (textos, imatges, logotips, v\u00eddeos, estructura, disseny, codi font, etc.) s\u00f3n propietat de EVENTSTUR o de tercers amb llic\u00e8ncia d\u00fas, i estan protegits per la legislaci\u00f3 vigent en mat\u00e8ria de propietat intel\u00b7lectual i industrial.<br>Queda expressament prohibida la reproducci\u00f3 total o parcial, distribuci\u00f3, modificaci\u00f3 o qualsevol \u00fas no autoritzat d&#039;aquests continguts sense el consentiment previ i per escrit del titular.<\/p>\n\n\n\n<p><strong>ENLLA\u00c7OS A TERCERS<\/strong><br>Aquest lloc web pot incloure enlla\u00e7os a llocs web de tercers. EVENTSTUR no es responsabilitza dels continguts, pol\u00edtiques ni pr\u00e0ctiques de privadesa d&#039;aquests llocs. La inclusi\u00f3 denlla\u00e7os no implica cap relaci\u00f3, aprovaci\u00f3 ni suport per part de EVENTSTUR.<\/p>\n\n\n\n<p><strong>LIMITACI\u00d3 DE RESPONSABILITAT<\/strong><br>EVENTSTUR no garanteix la disponibilitat continuada del lloc web ni l&#039;abs\u00e8ncia d&#039;errors. Tampoc no ser\u00e0 responsable dels danys i perjudicis que es puguin derivar de l&#039;\u00fas indegut de la plataforma per part dels usuaris o de tercers.<\/p>\n\n\n\n<p><strong>MODIFICACIONS<\/strong><br>EVENTSTUR es reserva el dret de modificar, en qualsevol moment i sense av\u00eds previ, la presentaci\u00f3, configuraci\u00f3 i continguts del lloc web, aix\u00ed com el present Av\u00eds Legal.<\/p>\n\n\n\n<p><strong>LEGISLACI\u00d3 APLICABLE I JURISDICCI\u00d3<\/strong><br>Aquest Av\u00eds Legal es regeix per la legislaci\u00f3 espanyola. En cas de conflicte o controv\u00e8rsia, les parts se sotmeten als Jutjats i Tribunals de la ciutat de Barcelona, \u200b\u200bamb ren\u00fancia expressa a qualsevol altre fur que els pogu\u00e9s correspondre.<\/p>\n\n\n\n<p>Data d&#039;\u00faltima actualitzaci\u00f3: 17 de juny del 2025.<\/p>","protected":false},"excerpt":{"rendered":"<p>En cumplimiento de lo dispuesto en el art\u00edculo 10 de la Ley 34\/2002, de 11 de julio, de Servicios de la Sociedad de la Informaci\u00f3n y Comercio Electr\u00f3nico (LSSI-CE), se informa que este sitio web es titularidad de: DATOS IDENTIFICATIVOSTitular del sitio web: EVENTSTUR360 S.L.CIF: B75520296Domicilio social: Plaza de la Virreina 3, \u00c1tico 1a, 08024 [&hellip;]<\/p>","protected":false},"author":3,"featured_media":0,"parent":0,"menu_order":0,"comment_status":"closed","ping_status":"closed","template":"","meta":{"footnotes":""},"class_list":["post-19270","page","type-page","status-publish","hentry"],"_links":{"self":[{"href":"https:\/\/eventstur.com\/ca\/wp-json\/wp\/v2\/pages\/19270","targetHints":{"allow":["GET"]}}],"collection":[{"href":"https:\/\/eventstur.com\/ca\/wp-json\/wp\/v2\/pages"}],"about":[{"href":"https:\/\/eventstur.com\/ca\/wp-json\/wp\/v2\/types\/page"}],"author":[{"embeddable":true,"href":"https:\/\/eventstur.com\/ca\/wp-json\/wp\/v2\/users\/3"}],"replies":[{"embeddable":true,"href":"https:\/\/eventstur.com\/ca\/wp-json\/wp\/v2\/comments?post=19270"}],"version-history":[{"count":2,"href":"https:\/\/eventstur.com\/ca\/wp-json\/wp\/v2\/pages\/19270\/revisions"}],"predecessor-version":[{"id":19272,"href":"https:\/\/eventstur.com\/ca\/wp-json\/wp\/v2\/pages\/19270\/revisions\/19272"}],"wp:attachment":[{"href":"https:\/\/eventstur.com\/ca\/wp-json\/wp\/v2\/media?parent=19270"}],"curies":[{"name":"wp","href":"https:\/\/api.w.org\/{rel}","templated":true}]}}